{"id":268,"date":"2020-02-25T14:55:09","date_gmt":"2020-02-25T14:55:09","guid":{"rendered":"http:\/\/makerpedagogy.org\/en\/?page_id=268"},"modified":"2020-02-25T14:57:56","modified_gmt":"2020-02-25T14:57:56","slug":"lhistoire-du-recherche","status":"publish","type":"page","link":"http:\/\/makerpedagogy.org\/en\/lhistoire-du-recherche\/","title":{"rendered":"L&#8217;histoire du recherche"},"content":{"rendered":"\n<p><strong>La phase de collecte des donn\u00e9es de la premi\u00e8re partie de notre recherche a fini en 2017. Nous sommes en train du publier les resultants et nous cherchons un nouveaux subvention. <\/strong><\/p>\n\n\n\n<p><strong>Phase I: D\u00e9velopper une p\u00e9dagogie du fabricant (maker pedagogy) dans un programme de formation initiale des enseignants<\/strong><\/p>\n\n\n\n<p>(Janvier 2015 &#8211; Ao\u00fbt 2017)<\/p>\n\n\n\n<p>La phase I permettra d&#8217;interpr\u00e9ter comment les candidats \u00e0 l&#8217;enseignement apprennent des exp\u00e9riences utilisant une approche maker pedagogy au cours de leur programme de formation initiale des enseignants. Les candidats \u00e0 l&#8217;enseignement des sciences et \/ ou technologies des \u00e9coles \u00e9l\u00e9mentaires et secondaires du programme de formation des enseignants de SFU sont initi\u00e9s aux id\u00e9es p\u00e9dagogiques d\u00e9velopp\u00e9es \u00e0 partir de la philosophie Maker \u00e0 travers une s\u00e9rie d&#8217;ateliers interactifs et de pr\u00e9sentations anim\u00e9s par l&#8217;\u00e9quipe Maker.<\/p>\n\n\n\n<p>Notre espace Maker est un environnement de laboratoire en ligne et en face \u00e0 face qui facilite le partage de projets technologiques et d&#8217;id\u00e9es pertinentes pour l&#8217;enseignement des sciences \u00e9l\u00e9mentaires et secondaires. Aux fins de ce projet, un laboratoire traditionnel n&#8217;est pas requis; nous apportons les mat\u00e9riaux n\u00e9cessaires dans un espace appropri\u00e9. Exemples de sujets et de projets potentiels: r\u00e9utilisation d&#8217;anciens ordinateurs avec des logiciels open source \u00e0 utiliser dans les salles de classe scientifiques, programmation d&#8217;ordinateurs Raspberry Pi et de microcontr\u00f4leurs Arduino pour effectuer des t\u00e2ches simples, apprentissage de l&#8217;\u00e9criture de programmes informatiques simples \u00e0 l&#8217;aide de Python, conception et construction de robots \u00e0 l&#8217;aide de LEGO Kits Ev3 et outils en ligne, diss\u00e9quant de vieux appareils \u00e9lectroniques pour les pi\u00e8ces \u00e0 utiliser dans des projets et des exp\u00e9riences, et cr\u00e9ation d&#8217;\u0153uvres d&#8217;art fonctionnelles. Les donn\u00e9es seront recueillies au moyen d&#8217;entrevues, d&#8217;enregistrements vid\u00e9o des travaux r\u00e9alis\u00e9s dans le Maker Space et de transcriptions des discussions en ligne. <\/p>\n\n\n\n<p>Cette phase a explor\u00e9 des questions telles que:<\/p>\n\n\n\n<ol><li>Les exp\u00e9riences utilisant les id\u00e9es du mouvement Maker aident-elles les candidats enseignants \u00e0 acqu\u00e9rir des connaissances ou des pratiques professionnelles? Comment?<\/li><li> Comment les exp\u00e9riences ant\u00e9rieures avec la technologie jouent-elles un r\u00f4le dans la construction des connaissances des candidats sur la fa\u00e7on d&#8217;enseigner dans cette approche?<\/li><li> Quelles sont les caract\u00e9ristiques de la communaut\u00e9 qui se forme autour des principes Maker?<\/li><\/ol>\n\n<div class=\"twitter-share\"><a href=\"https:\/\/twitter.com\/intent\/tweet?via=makerpedagogy\" class=\"twitter-share-button\">Tweet<\/a><\/div>\n","protected":false},"excerpt":{"rendered":"<p>La phase de collecte des donn\u00e9es de la premi\u00e8re partie de notre recherche a fini en 2017. Nous sommes en train du publier les resultants et nous cherchons un nouveaux subvention. Phase I: D\u00e9velopper une p\u00e9dagogie du fabricant (maker pedagogy) dans un programme de formation initiale des enseignants (Janvier 2015 &#8211; Ao\u00fbt 2017) La phase [&hellip;]<\/p>\n","protected":false},"author":2,"featured_media":0,"parent":0,"menu_order":3,"comment_status":"closed","ping_status":"closed","template":"","meta":[],"yoast_head":"<!-- This site is optimized with the Yoast SEO plugin v18.3 - https:\/\/yoast.com\/wordpress\/plugins\/seo\/ -->\n<title>L&#039;histoire du recherche - makerpedagogy.org<\/title>\n<meta name=\"robots\" content=\"index, follow, max-snippet:-1, max-image-preview:large, max-video-preview:-1\" \/>\n<link rel=\"canonical\" href=\"http:\/\/makerpedagogy.org\/en\/lhistoire-du-recherche\/\" \/>\n<meta property=\"og:locale\" content=\"en_US\" \/>\n<meta property=\"og:type\" content=\"article\" \/>\n<meta property=\"og:title\" content=\"L&#039;histoire du recherche - makerpedagogy.org\" \/>\n<meta property=\"og:description\" content=\"La phase de collecte des donn\u00e9es de la premi\u00e8re partie de notre recherche a fini en 2017. Nous sommes en train du publier les resultants et nous cherchons un nouveaux subvention. Phase I: D\u00e9velopper une p\u00e9dagogie du fabricant (maker pedagogy) dans un programme de formation initiale des enseignants (Janvier 2015 &#8211; Ao\u00fbt 2017) La phase [&hellip;]\" \/>\n<meta property=\"og:url\" content=\"http:\/\/makerpedagogy.org\/en\/lhistoire-du-recherche\/\" \/>\n<meta property=\"og:site_name\" content=\"makerpedagogy.org\" \/>\n<meta property=\"article:modified_time\" content=\"2020-02-25T14:57:56+00:00\" \/>\n<meta name=\"twitter:label1\" content=\"Est. reading time\" \/>\n\t<meta name=\"twitter:data1\" content=\"2 minutes\" \/>\n<script type=\"application\/ld+json\" class=\"yoast-schema-graph\">{\"@context\":\"https:\/\/schema.org\",\"@graph\":[{\"@type\":\"WebSite\",\"@id\":\"http:\/\/makerpedagogy.org\/en\/#website\",\"url\":\"http:\/\/makerpedagogy.org\/en\/\",\"name\":\"makerpedagogy.org\",\"description\":\"Professor Shawn M. Bullock\",\"potentialAction\":[{\"@type\":\"SearchAction\",\"target\":{\"@type\":\"EntryPoint\",\"urlTemplate\":\"http:\/\/makerpedagogy.org\/en\/?s={search_term_string}\"},\"query-input\":\"required name=search_term_string\"}],\"inLanguage\":\"en-US\"},{\"@type\":\"WebPage\",\"@id\":\"http:\/\/makerpedagogy.org\/en\/lhistoire-du-recherche\/#webpage\",\"url\":\"http:\/\/makerpedagogy.org\/en\/lhistoire-du-recherche\/\",\"name\":\"L'histoire du recherche - makerpedagogy.org\",\"isPartOf\":{\"@id\":\"http:\/\/makerpedagogy.org\/en\/#website\"},\"datePublished\":\"2020-02-25T14:55:09+00:00\",\"dateModified\":\"2020-02-25T14:57:56+00:00\",\"breadcrumb\":{\"@id\":\"http:\/\/makerpedagogy.org\/en\/lhistoire-du-recherche\/#breadcrumb\"},\"inLanguage\":\"en-US\",\"potentialAction\":[{\"@type\":\"ReadAction\",\"target\":[\"http:\/\/makerpedagogy.org\/en\/lhistoire-du-recherche\/\"]}]},{\"@type\":\"BreadcrumbList\",\"@id\":\"http:\/\/makerpedagogy.org\/en\/lhistoire-du-recherche\/#breadcrumb\",\"itemListElement\":[{\"@type\":\"ListItem\",\"position\":1,\"name\":\"Home\",\"item\":\"http:\/\/makerpedagogy.org\/en\/en\/about-us\/\"},{\"@type\":\"ListItem\",\"position\":2,\"name\":\"L&rsquo;histoire du recherche\"}]}]}<\/script>\n<!-- \/ Yoast SEO plugin. -->","yoast_head_json":{"title":"L'histoire du recherche - makerpedagogy.org","robots":{"index":"index","follow":"follow","max-snippet":"max-snippet:-1","max-image-preview":"max-image-preview:large","max-video-preview":"max-video-preview:-1"},"canonical":"http:\/\/makerpedagogy.org\/en\/lhistoire-du-recherche\/","og_locale":"en_US","og_type":"article","og_title":"L'histoire du recherche - makerpedagogy.org","og_description":"La phase de collecte des donn\u00e9es de la premi\u00e8re partie de notre recherche a fini en 2017. Nous sommes en train du publier les resultants et nous cherchons un nouveaux subvention. Phase I: D\u00e9velopper une p\u00e9dagogie du fabricant (maker pedagogy) dans un programme de formation initiale des enseignants (Janvier 2015 &#8211; Ao\u00fbt 2017) La phase [&hellip;]","og_url":"http:\/\/makerpedagogy.org\/en\/lhistoire-du-recherche\/","og_site_name":"makerpedagogy.org","article_modified_time":"2020-02-25T14:57:56+00:00","twitter_misc":{"Est. reading time":"2 minutes"},"schema":{"@context":"https:\/\/schema.org","@graph":[{"@type":"WebSite","@id":"http:\/\/makerpedagogy.org\/en\/#website","url":"http:\/\/makerpedagogy.org\/en\/","name":"makerpedagogy.org","description":"Professor Shawn M. Bullock","potentialAction":[{"@type":"SearchAction","target":{"@type":"EntryPoint","urlTemplate":"http:\/\/makerpedagogy.org\/en\/?s={search_term_string}"},"query-input":"required name=search_term_string"}],"inLanguage":"en-US"},{"@type":"WebPage","@id":"http:\/\/makerpedagogy.org\/en\/lhistoire-du-recherche\/#webpage","url":"http:\/\/makerpedagogy.org\/en\/lhistoire-du-recherche\/","name":"L'histoire du recherche - makerpedagogy.org","isPartOf":{"@id":"http:\/\/makerpedagogy.org\/en\/#website"},"datePublished":"2020-02-25T14:55:09+00:00","dateModified":"2020-02-25T14:57:56+00:00","breadcrumb":{"@id":"http:\/\/makerpedagogy.org\/en\/lhistoire-du-recherche\/#breadcrumb"},"inLanguage":"en-US","potentialAction":[{"@type":"ReadAction","target":["http:\/\/makerpedagogy.org\/en\/lhistoire-du-recherche\/"]}]},{"@type":"BreadcrumbList","@id":"http:\/\/makerpedagogy.org\/en\/lhistoire-du-recherche\/#breadcrumb","itemListElement":[{"@type":"ListItem","position":1,"name":"Home","item":"http:\/\/makerpedagogy.org\/en\/en\/about-us\/"},{"@type":"ListItem","position":2,"name":"L&rsquo;histoire du recherche"}]}]}},"_links":{"self":[{"href":"http:\/\/makerpedagogy.org\/en\/wp-json\/wp\/v2\/pages\/268"}],"collection":[{"href":"http:\/\/makerpedagogy.org\/en\/wp-json\/wp\/v2\/pages"}],"about":[{"href":"http:\/\/makerpedagogy.org\/en\/wp-json\/wp\/v2\/types\/page"}],"author":[{"embeddable":true,"href":"http:\/\/makerpedagogy.org\/en\/wp-json\/wp\/v2\/users\/2"}],"replies":[{"embeddable":true,"href":"http:\/\/makerpedagogy.org\/en\/wp-json\/wp\/v2\/comments?post=268"}],"version-history":[{"count":2,"href":"http:\/\/makerpedagogy.org\/en\/wp-json\/wp\/v2\/pages\/268\/revisions"}],"predecessor-version":[{"id":272,"href":"http:\/\/makerpedagogy.org\/en\/wp-json\/wp\/v2\/pages\/268\/revisions\/272"}],"wp:attachment":[{"href":"http:\/\/makerpedagogy.org\/en\/wp-json\/wp\/v2\/media?parent=268"}],"curies":[{"name":"wp","href":"https:\/\/api.w.org\/{rel}","templated":true}]}}