{"id":244,"date":"2020-02-25T05:57:32","date_gmt":"2020-02-25T13:57:32","guid":{"rendered":"http:\/\/makerpedagogy.org\/en\/?page_id=244"},"modified":"2022-03-19T12:22:45","modified_gmt":"2022-03-19T12:22:45","slug":"lequipe-de-recherche","status":"publish","type":"page","link":"http:\/\/makerpedagogy.org\/en\/lequipe-de-recherche\/","title":{"rendered":"L&#8217;\u00e9quipe de recherche"},"content":{"rendered":"\n<p>Professeur Shawn Michael Bullock, PhD, PPhys, FRAS, FRGS, FRSA, a pris plaisir \u00e0 d\u00e9monter les choses et \u00e0 les remonter (souvent avec des degr\u00e9s de succ\u00e8s variables), et \u00e0 bricoler la technologie depuis qu&#8217;il \u00e9tait un petit enfant. Ancien professeur agr\u00e9g\u00e9 d&#8217;enseignement des sciences \u00e0 la Facult\u00e9 d&#8217;\u00e9ducation de l&#8217;Universit\u00e9 Simon Fraser, il est maintenant Professor of the History of Science, Technology and Education \u00e0 l&#8217;Universit\u00e9 de Cambridge, au Royaume-Uni.<\/p>\n\n\n\n<p>Le travail du Professeur Bullock. utilise les lentilles offertes par l\u2019histoire et la philosophie des sciences et de la technologie pour examiner les probl\u00e8mes de l\u2019\u00e9ducation. Actuellement, il s&#8217;int\u00e9resse particuli\u00e8rement \u00e0 l&#8217;histoire de l&#8217;enseignement sup\u00e9rieur en physique au XIXe si\u00e8cle, \u00e0 l&#8217;histoire de l&#8217;enseignement de l&#8217;ing\u00e9nieur et \u00e0 l&#8217;histoire de l&#8217;enseignement multilingue. Il m\u00e8ne \u00e9galement des recherches sur la formation des enseignants et le d\u00e9veloppement professionnel, avec un accent particulier sur la m\u00e9thodologie d&#8217;autoformation et le r\u00f4le de la pratique r\u00e9flexive dans le d\u00e9veloppement des connaissances professionnelles sur et pour l&#8217;enseignement et l&#8217;enseignement des futurs enseignants. Maker Pedagogy continue de susciter un int\u00e9r\u00eat consid\u00e9rable, car il a commenc\u00e9 un projet pour explorer l&#8217;histoire des fondements \u00e9pist\u00e9mologiques de l&#8217;id\u00e9e de \u00abmaking\u00bb dans l&#8217;\u00e9ducation. Pour plus d&#8217;informations sur le Dr Bullock, cliquez <a href=\"http:\/\/shawnbullock.ca\">ici<\/a>.<\/p>\n\n\n\n<p>Dr. Andrea J. Sator est la gestionnaire du curriculum du programme d&#8217;\u00e9ducation coop\u00e9rative \u00e0 l&#8217;Universit\u00e9 Simon Fraser. Elle a r\u00e9cemment soutenu son th\u00e8se de son programme de doctorat \u00e0 la Facult\u00e9 d&#8217;\u00e9ducation de SFU. Elle est l&#8217;assistante principale de recherche sur ce projet.<\/p>\n\n\n\n<p>Dr. Allan MacKinnon est professeur agr\u00e9g\u00e9 d&#8217;enseignement des sciences \u00e0 l&#8217;Universit\u00e9 Simon Fraser. Ses int\u00e9r\u00eats de recherche comprennent l&#8217;\u00e9ducation scientifique et environnementale, la formation des professeurs de sciences, l&#8217;histoire et la philosophie des sciences et l&#8217;\u00e9ducation dans les \u00e9coles des professions.<\/p>\n\n<div class=\"twitter-share\"><a href=\"https:\/\/twitter.com\/intent\/tweet?via=makerpedagogy\" class=\"twitter-share-button\">Tweet<\/a><\/div>\n","protected":false},"excerpt":{"rendered":"<p>Professeur Shawn Michael Bullock, PhD, PPhys, FRAS, FRGS, FRSA, a pris plaisir \u00e0 d\u00e9monter les choses et \u00e0 les remonter (souvent avec des degr\u00e9s de succ\u00e8s variables), et \u00e0 bricoler la technologie depuis qu&#8217;il \u00e9tait un petit enfant. Ancien professeur agr\u00e9g\u00e9 d&#8217;enseignement des sciences \u00e0 la Facult\u00e9 d&#8217;\u00e9ducation de l&#8217;Universit\u00e9 Simon Fraser, il est maintenant [&hellip;]<\/p>\n","protected":false},"author":2,"featured_media":0,"parent":0,"menu_order":2,"comment_status":"closed","ping_status":"open","template":"","meta":[],"yoast_head":"<!-- This site is optimized with the Yoast SEO plugin v18.3 - https:\/\/yoast.com\/wordpress\/plugins\/seo\/ -->\n<title>L&#039;\u00e9quipe de recherche - makerpedagogy.org<\/title>\n<meta name=\"robots\" content=\"index, follow, max-snippet:-1, max-image-preview:large, max-video-preview:-1\" \/>\n<link rel=\"canonical\" href=\"http:\/\/makerpedagogy.org\/en\/lequipe-de-recherche\/\" \/>\n<meta property=\"og:locale\" content=\"en_US\" \/>\n<meta property=\"og:type\" content=\"article\" \/>\n<meta property=\"og:title\" content=\"L&#039;\u00e9quipe de recherche - makerpedagogy.org\" \/>\n<meta property=\"og:description\" content=\"Professeur Shawn Michael Bullock, PhD, PPhys, FRAS, FRGS, FRSA, a pris plaisir \u00e0 d\u00e9monter les choses et \u00e0 les remonter (souvent avec des degr\u00e9s de succ\u00e8s variables), et \u00e0 bricoler la technologie depuis qu&#8217;il \u00e9tait un petit enfant. Ancien professeur agr\u00e9g\u00e9 d&#8217;enseignement des sciences \u00e0 la Facult\u00e9 d&#8217;\u00e9ducation de l&#8217;Universit\u00e9 Simon Fraser, il est maintenant [&hellip;]\" \/>\n<meta property=\"og:url\" content=\"http:\/\/makerpedagogy.org\/en\/lequipe-de-recherche\/\" \/>\n<meta property=\"og:site_name\" content=\"makerpedagogy.org\" \/>\n<meta property=\"article:modified_time\" content=\"2022-03-19T12:22:45+00:00\" \/>\n<meta name=\"twitter:label1\" content=\"Est. reading time\" \/>\n\t<meta name=\"twitter:data1\" content=\"2 minutes\" \/>\n<script type=\"application\/ld+json\" class=\"yoast-schema-graph\">{\"@context\":\"https:\/\/schema.org\",\"@graph\":[{\"@type\":\"WebSite\",\"@id\":\"http:\/\/makerpedagogy.org\/en\/#website\",\"url\":\"http:\/\/makerpedagogy.org\/en\/\",\"name\":\"makerpedagogy.org\",\"description\":\"Professor Shawn M. Bullock\",\"potentialAction\":[{\"@type\":\"SearchAction\",\"target\":{\"@type\":\"EntryPoint\",\"urlTemplate\":\"http:\/\/makerpedagogy.org\/en\/?s={search_term_string}\"},\"query-input\":\"required name=search_term_string\"}],\"inLanguage\":\"en-US\"},{\"@type\":\"WebPage\",\"@id\":\"http:\/\/makerpedagogy.org\/en\/lequipe-de-recherche\/#webpage\",\"url\":\"http:\/\/makerpedagogy.org\/en\/lequipe-de-recherche\/\",\"name\":\"L'\u00e9quipe de recherche - makerpedagogy.org\",\"isPartOf\":{\"@id\":\"http:\/\/makerpedagogy.org\/en\/#website\"},\"datePublished\":\"2020-02-25T13:57:32+00:00\",\"dateModified\":\"2022-03-19T12:22:45+00:00\",\"breadcrumb\":{\"@id\":\"http:\/\/makerpedagogy.org\/en\/lequipe-de-recherche\/#breadcrumb\"},\"inLanguage\":\"en-US\",\"potentialAction\":[{\"@type\":\"ReadAction\",\"target\":[\"http:\/\/makerpedagogy.org\/en\/lequipe-de-recherche\/\"]}]},{\"@type\":\"BreadcrumbList\",\"@id\":\"http:\/\/makerpedagogy.org\/en\/lequipe-de-recherche\/#breadcrumb\",\"itemListElement\":[{\"@type\":\"ListItem\",\"position\":1,\"name\":\"Home\",\"item\":\"http:\/\/makerpedagogy.org\/en\/en\/about-us\/\"},{\"@type\":\"ListItem\",\"position\":2,\"name\":\"L&#8217;\u00e9quipe de recherche\"}]}]}<\/script>\n<!-- \/ Yoast SEO plugin. -->","yoast_head_json":{"title":"L'\u00e9quipe de recherche - makerpedagogy.org","robots":{"index":"index","follow":"follow","max-snippet":"max-snippet:-1","max-image-preview":"max-image-preview:large","max-video-preview":"max-video-preview:-1"},"canonical":"http:\/\/makerpedagogy.org\/en\/lequipe-de-recherche\/","og_locale":"en_US","og_type":"article","og_title":"L'\u00e9quipe de recherche - makerpedagogy.org","og_description":"Professeur Shawn Michael Bullock, PhD, PPhys, FRAS, FRGS, FRSA, a pris plaisir \u00e0 d\u00e9monter les choses et \u00e0 les remonter (souvent avec des degr\u00e9s de succ\u00e8s variables), et \u00e0 bricoler la technologie depuis qu&#8217;il \u00e9tait un petit enfant. Ancien professeur agr\u00e9g\u00e9 d&#8217;enseignement des sciences \u00e0 la Facult\u00e9 d&#8217;\u00e9ducation de l&#8217;Universit\u00e9 Simon Fraser, il est maintenant [&hellip;]","og_url":"http:\/\/makerpedagogy.org\/en\/lequipe-de-recherche\/","og_site_name":"makerpedagogy.org","article_modified_time":"2022-03-19T12:22:45+00:00","twitter_misc":{"Est. reading time":"2 minutes"},"schema":{"@context":"https:\/\/schema.org","@graph":[{"@type":"WebSite","@id":"http:\/\/makerpedagogy.org\/en\/#website","url":"http:\/\/makerpedagogy.org\/en\/","name":"makerpedagogy.org","description":"Professor Shawn M. Bullock","potentialAction":[{"@type":"SearchAction","target":{"@type":"EntryPoint","urlTemplate":"http:\/\/makerpedagogy.org\/en\/?s={search_term_string}"},"query-input":"required name=search_term_string"}],"inLanguage":"en-US"},{"@type":"WebPage","@id":"http:\/\/makerpedagogy.org\/en\/lequipe-de-recherche\/#webpage","url":"http:\/\/makerpedagogy.org\/en\/lequipe-de-recherche\/","name":"L'\u00e9quipe de recherche - makerpedagogy.org","isPartOf":{"@id":"http:\/\/makerpedagogy.org\/en\/#website"},"datePublished":"2020-02-25T13:57:32+00:00","dateModified":"2022-03-19T12:22:45+00:00","breadcrumb":{"@id":"http:\/\/makerpedagogy.org\/en\/lequipe-de-recherche\/#breadcrumb"},"inLanguage":"en-US","potentialAction":[{"@type":"ReadAction","target":["http:\/\/makerpedagogy.org\/en\/lequipe-de-recherche\/"]}]},{"@type":"BreadcrumbList","@id":"http:\/\/makerpedagogy.org\/en\/lequipe-de-recherche\/#breadcrumb","itemListElement":[{"@type":"ListItem","position":1,"name":"Home","item":"http:\/\/makerpedagogy.org\/en\/en\/about-us\/"},{"@type":"ListItem","position":2,"name":"L&#8217;\u00e9quipe de recherche"}]}]}},"_links":{"self":[{"href":"http:\/\/makerpedagogy.org\/en\/wp-json\/wp\/v2\/pages\/244"}],"collection":[{"href":"http:\/\/makerpedagogy.org\/en\/wp-json\/wp\/v2\/pages"}],"about":[{"href":"http:\/\/makerpedagogy.org\/en\/wp-json\/wp\/v2\/types\/page"}],"author":[{"embeddable":true,"href":"http:\/\/makerpedagogy.org\/en\/wp-json\/wp\/v2\/users\/2"}],"replies":[{"embeddable":true,"href":"http:\/\/makerpedagogy.org\/en\/wp-json\/wp\/v2\/comments?post=244"}],"version-history":[{"count":3,"href":"http:\/\/makerpedagogy.org\/en\/wp-json\/wp\/v2\/pages\/244\/revisions"}],"predecessor-version":[{"id":336,"href":"http:\/\/makerpedagogy.org\/en\/wp-json\/wp\/v2\/pages\/244\/revisions\/336"}],"wp:attachment":[{"href":"http:\/\/makerpedagogy.org\/en\/wp-json\/wp\/v2\/media?parent=244"}],"curies":[{"name":"wp","href":"https:\/\/api.w.org\/{rel}","templated":true}]}}