{"id":225,"date":"2020-02-25T04:31:07","date_gmt":"2020-02-25T12:31:07","guid":{"rendered":"http:\/\/makerpedagogy.org\/en\/?page_id=225"},"modified":"2020-02-25T04:31:08","modified_gmt":"2020-02-25T12:31:08","slug":"a-notre-sujet","status":"publish","type":"page","link":"http:\/\/makerpedagogy.org\/en\/","title":{"rendered":"\u00c0 notre sujet"},"content":{"rendered":"\n<p>Bienvenue sur makerpedagogy.org, la pr\u00e9sence en ligne du groupe de recherche p\u00e9dagogique Maker Pedagogy (MPERG) fond\u00e9 et dirig\u00e9 par&nbsp;&nbsp;<a href=\"http:\/\/www.educ.cam.ac.uk\/people\/staff\/bullock\/\" target=\"_blank\" rel=\"noreferrer noopener\">Dr. Shawn Michael Bullock<\/a>, Reader in the History of Science, Technology and Education&nbsp; \u00e0 l\u2019Universit\u00e9 de Cambridge.<\/p>\n\n\n\n<p>Notre groupe de recherche s\u2019int\u00e9resse \u00e0 la raret\u00e9 des possibilit\u00e9s qu\u2019ont les enfants et les \u00e9l\u00e8ves de faire des choses en milieu scolaire. Notre travail prend au s\u00e9rieux l\u2019id\u00e9e que l\u2019adoption d\u2019une p\u00e9dagogie fond\u00e9e sur l\u2019opportunit\u00e9 de faire les choses en vaut la peine. Nous cherchons \u00e0 explorer, d\u00e9crire, analyser et interpr\u00e9ter les caract\u00e9ristiques sp\u00e9cifiques d\u2019une p\u00e9dagogie de \u201cmaker\u201d et comment la p\u00e9dagogie de maker pourrait \u00eatre utilis\u00e9e pour en apprendre davantage sur la technologie et avec celle-ci, au sens large. Nous utilisons des perspectives acad\u00e9miques de l\u2019histoire et de la philosophie des sciences et de la technologie, de l\u2019enseignement des langues et de l\u2019histoire de l\u2019art pour soutenir le d\u00e9veloppement de notre r\u00e9flexion.<\/p>\n\n\n\n<p>Nous vous invitons \u00e0 utiliser le menu ci-dessus pour parcourir notre site web, en particulier notre blog, la liste des publications et la br\u00e8ve histoire de notre travail ensemble.<\/p>\n\n\n\n<p>Toutes les demandes doivent \u00eatre adress\u00e9es \u00e0 smb215 (at) cam (dot) ac (dot) uk.<\/p>\n\n<div class=\"twitter-share\"><a href=\"https:\/\/twitter.com\/intent\/tweet?via=makerpedagogy\" class=\"twitter-share-button\">Tweet<\/a><\/div>\n","protected":false},"excerpt":{"rendered":"<p>Bienvenue sur makerpedagogy.org, la pr\u00e9sence en ligne du groupe de recherche p\u00e9dagogique Maker Pedagogy (MPERG) fond\u00e9 et dirig\u00e9 par&nbsp;&nbsp;Dr. Shawn Michael Bullock, Reader in the History of Science, Technology and Education&nbsp; \u00e0 l\u2019Universit\u00e9 de Cambridge. Notre groupe de recherche s\u2019int\u00e9resse \u00e0 la raret\u00e9 des possibilit\u00e9s qu\u2019ont les enfants et les \u00e9l\u00e8ves de faire des choses [&hellip;]<\/p>\n","protected":false},"author":2,"featured_media":0,"parent":0,"menu_order":1,"comment_status":"closed","ping_status":"closed","template":"","meta":[],"yoast_head":"<!-- This site is optimized with the Yoast SEO plugin v18.3 - https:\/\/yoast.com\/wordpress\/plugins\/seo\/ -->\n<title>\u00c0 notre sujet - makerpedagogy.org<\/title>\n<meta name=\"robots\" content=\"index, follow, max-snippet:-1, max-image-preview:large, max-video-preview:-1\" \/>\n<link rel=\"canonical\" href=\"http:\/\/makerpedagogy.org\/en\/\" \/>\n<meta property=\"og:locale\" content=\"en_US\" \/>\n<meta property=\"og:type\" content=\"article\" \/>\n<meta property=\"og:title\" content=\"\u00c0 notre sujet - makerpedagogy.org\" \/>\n<meta property=\"og:description\" content=\"Bienvenue sur makerpedagogy.org, la pr\u00e9sence en ligne du groupe de recherche p\u00e9dagogique Maker Pedagogy (MPERG) fond\u00e9 et dirig\u00e9 par&nbsp;&nbsp;Dr. Shawn Michael Bullock, Reader in the History of Science, Technology and Education&nbsp; \u00e0 l\u2019Universit\u00e9 de Cambridge. Notre groupe de recherche s\u2019int\u00e9resse \u00e0 la raret\u00e9 des possibilit\u00e9s qu\u2019ont les enfants et les \u00e9l\u00e8ves de faire des choses [&hellip;]\" \/>\n<meta property=\"og:url\" content=\"http:\/\/makerpedagogy.org\/en\/\" \/>\n<meta property=\"og:site_name\" content=\"makerpedagogy.org\" \/>\n<meta property=\"article:modified_time\" content=\"2020-02-25T12:31:08+00:00\" \/>\n<meta name=\"twitter:label1\" content=\"Est. reading time\" \/>\n\t<meta name=\"twitter:data1\" content=\"1 minute\" \/>\n<script type=\"application\/ld+json\" class=\"yoast-schema-graph\">{\"@context\":\"https:\/\/schema.org\",\"@graph\":[{\"@type\":\"WebSite\",\"@id\":\"http:\/\/makerpedagogy.org\/en\/#website\",\"url\":\"http:\/\/makerpedagogy.org\/en\/\",\"name\":\"makerpedagogy.org\",\"description\":\"Professor Shawn M. Bullock\",\"potentialAction\":[{\"@type\":\"SearchAction\",\"target\":{\"@type\":\"EntryPoint\",\"urlTemplate\":\"http:\/\/makerpedagogy.org\/en\/?s={search_term_string}\"},\"query-input\":\"required name=search_term_string\"}],\"inLanguage\":\"en-US\"},{\"@type\":\"WebPage\",\"@id\":\"http:\/\/makerpedagogy.org\/en\/#webpage\",\"url\":\"http:\/\/makerpedagogy.org\/en\/\",\"name\":\"\u00c0 notre sujet - makerpedagogy.org\",\"isPartOf\":{\"@id\":\"http:\/\/makerpedagogy.org\/en\/#website\"},\"datePublished\":\"2020-02-25T12:31:07+00:00\",\"dateModified\":\"2020-02-25T12:31:08+00:00\",\"breadcrumb\":{\"@id\":\"http:\/\/makerpedagogy.org\/en\/#breadcrumb\"},\"inLanguage\":\"en-US\",\"potentialAction\":[{\"@type\":\"ReadAction\",\"target\":[\"http:\/\/makerpedagogy.org\/en\/\"]}]},{\"@type\":\"BreadcrumbList\",\"@id\":\"http:\/\/makerpedagogy.org\/en\/#breadcrumb\",\"itemListElement\":[{\"@type\":\"ListItem\",\"position\":1,\"name\":\"Home\",\"item\":\"http:\/\/makerpedagogy.org\/en\/en\/about-us\/\"},{\"@type\":\"ListItem\",\"position\":2,\"name\":\"\u00c0 notre sujet\"}]}]}<\/script>\n<!-- \/ Yoast SEO plugin. -->","yoast_head_json":{"title":"\u00c0 notre sujet - makerpedagogy.org","robots":{"index":"index","follow":"follow","max-snippet":"max-snippet:-1","max-image-preview":"max-image-preview:large","max-video-preview":"max-video-preview:-1"},"canonical":"http:\/\/makerpedagogy.org\/en\/","og_locale":"en_US","og_type":"article","og_title":"\u00c0 notre sujet - makerpedagogy.org","og_description":"Bienvenue sur makerpedagogy.org, la pr\u00e9sence en ligne du groupe de recherche p\u00e9dagogique Maker Pedagogy (MPERG) fond\u00e9 et dirig\u00e9 par&nbsp;&nbsp;Dr. Shawn Michael Bullock, Reader in the History of Science, Technology and Education&nbsp; \u00e0 l\u2019Universit\u00e9 de Cambridge. Notre groupe de recherche s\u2019int\u00e9resse \u00e0 la raret\u00e9 des possibilit\u00e9s qu\u2019ont les enfants et les \u00e9l\u00e8ves de faire des choses [&hellip;]","og_url":"http:\/\/makerpedagogy.org\/en\/","og_site_name":"makerpedagogy.org","article_modified_time":"2020-02-25T12:31:08+00:00","twitter_misc":{"Est. reading time":"1 minute"},"schema":{"@context":"https:\/\/schema.org","@graph":[{"@type":"WebSite","@id":"http:\/\/makerpedagogy.org\/en\/#website","url":"http:\/\/makerpedagogy.org\/en\/","name":"makerpedagogy.org","description":"Professor Shawn M. Bullock","potentialAction":[{"@type":"SearchAction","target":{"@type":"EntryPoint","urlTemplate":"http:\/\/makerpedagogy.org\/en\/?s={search_term_string}"},"query-input":"required name=search_term_string"}],"inLanguage":"en-US"},{"@type":"WebPage","@id":"http:\/\/makerpedagogy.org\/en\/#webpage","url":"http:\/\/makerpedagogy.org\/en\/","name":"\u00c0 notre sujet - makerpedagogy.org","isPartOf":{"@id":"http:\/\/makerpedagogy.org\/en\/#website"},"datePublished":"2020-02-25T12:31:07+00:00","dateModified":"2020-02-25T12:31:08+00:00","breadcrumb":{"@id":"http:\/\/makerpedagogy.org\/en\/#breadcrumb"},"inLanguage":"en-US","potentialAction":[{"@type":"ReadAction","target":["http:\/\/makerpedagogy.org\/en\/"]}]},{"@type":"BreadcrumbList","@id":"http:\/\/makerpedagogy.org\/en\/#breadcrumb","itemListElement":[{"@type":"ListItem","position":1,"name":"Home","item":"http:\/\/makerpedagogy.org\/en\/en\/about-us\/"},{"@type":"ListItem","position":2,"name":"\u00c0 notre sujet"}]}]}},"_links":{"self":[{"href":"http:\/\/makerpedagogy.org\/en\/wp-json\/wp\/v2\/pages\/225"}],"collection":[{"href":"http:\/\/makerpedagogy.org\/en\/wp-json\/wp\/v2\/pages"}],"about":[{"href":"http:\/\/makerpedagogy.org\/en\/wp-json\/wp\/v2\/types\/page"}],"author":[{"embeddable":true,"href":"http:\/\/makerpedagogy.org\/en\/wp-json\/wp\/v2\/users\/2"}],"replies":[{"embeddable":true,"href":"http:\/\/makerpedagogy.org\/en\/wp-json\/wp\/v2\/comments?post=225"}],"version-history":[{"count":1,"href":"http:\/\/makerpedagogy.org\/en\/wp-json\/wp\/v2\/pages\/225\/revisions"}],"predecessor-version":[{"id":226,"href":"http:\/\/makerpedagogy.org\/en\/wp-json\/wp\/v2\/pages\/225\/revisions\/226"}],"wp:attachment":[{"href":"http:\/\/makerpedagogy.org\/en\/wp-json\/wp\/v2\/media?parent=225"}],"curies":[{"name":"wp","href":"https:\/\/api.w.org\/{rel}","templated":true}]}}